{"id":1900,"date":"2021-07-02T15:08:52","date_gmt":"2021-07-02T15:08:52","guid":{"rendered":"http:\/\/waldseilpark-tscheppaschlucht.at\/preise\/"},"modified":"2026-04-15T21:24:24","modified_gmt":"2026-04-15T19:24:24","slug":"pricelist","status":"publish","type":"page","link":"https:\/\/waldseilpark-tscheppaschlucht.at\/en\/pricelist\/","title":{"rendered":"Pricelist"},"content":{"rendered":"<div class=\"wpb-content-wrapper\"><p>[vc_row gap=&#8221;25&#8243; css=&#8221;.vc_custom_1625238580123{padding-top: 8vh !important;padding-bottom: 8vh !important;}&#8221; el_id=&#8221;preise&#8221;][vc_column width=&#8221;7\/12&#8243;]<div id=\"cz_83165\" class=\"cz_83165 cz_title clr cz_mobile_text_center cz_title_pos_inline\"><div class=\"cz_title_content\"><div class=\"cz_wpe_content\"><h3><span style=\"font-size: 32px;\">Pricelist&nbsp;<\/span><\/h3>\n<\/div><\/div><\/div><div class=\"cz_gap clr \" style=\"height: 25px\"><\/div><div id=\"cz_3771\" class=\"cz_3771 cz_wh\"><div class=\"mb10 last0 clr\"><div class=\"clr\"><span class=\"cz_wh_left\"><b>Children in Kids-Park (Krokodil)<\/b><\/span><span class=\"cz_wh_right\">16 \u20ac<\/span><\/div><div class=\"cz_wh_line\"><\/div><\/div><div class=\"mb10 last0 clr\"><div class=\"clr\"><span class=\"cz_wh_left\"><b>Children 6 - 13 years (Including Flying Fox) *<\/b><\/span><span class=\"cz_wh_right\">20 \u20ac<\/span><\/div><div class=\"cz_wh_line\"><\/div><\/div><div class=\"mb10 last0 clr\"><div class=\"clr\"><span class=\"cz_wh_left\"><b>Children 14+ and Adults (Including Flying Fox) *<\/b><\/span><span class=\"cz_wh_right\">29 \u20ac<\/span><\/div><div class=\"cz_wh_line\"><\/div><\/div><div class=\"mb10 last0 clr\"><div class=\"clr\"><span class=\"cz_wh_left\"><b>Big Flying Fox Only!<\/b><\/span><span class=\"cz_wh_right\">16 \u20ac<\/span><\/div><div class=\"cz_wh_line\"><\/div><\/div><div class=\"mb10 last0 clr\"><div class=\"clr\"><span class=\"cz_wh_left\"><b>Just Climbing wall<\/b><\/span><span class=\"cz_wh_right\">5 \u20ac<\/span><\/div><div class=\"cz_wh_line\"><\/div><\/div><\/div><div class=\"cz_gap clr \" style=\"height: 12px\"><\/div><div id=\"cz_73137\" class=\"cz_73137 cz_title clr cz_mobile_text_center cz_title_pos_inline\"><div class=\"cz_title_content\"><div class=\"cz_wpe_content\"><p><em>*-10% discount on individual prices with a K\u00e4rntencard card<\/em><\/p>\n<\/div><\/div><\/div><div class=\"cz_gap clr \" style=\"height: 40px\"><\/div><div id=\"cz_79082\" class=\"cz_79082 cz_title clr cz_mobile_text_center cz_title_pos_inline\"><div class=\"cz_title_content\"><div class=\"cz_wpe_content\"><h4>Families<\/h4>\n<\/div><\/div><\/div><div class=\"cz_gap clr \" style=\"height: 25px\"><\/div><div id=\"cz_8418\" class=\"cz_8418 cz_wh\"><div class=\"mb10 last0 clr\"><div class=\"clr\"><span class=\"cz_wh_left\"><b> Parents + 1 child<\/b><\/span><span class=\"cz_wh_right\">69 \u20ac<\/span><\/div><div class=\"cz_wh_line\"><\/div><\/div><div class=\"mb10 last0 clr\"><div class=\"clr\"><span class=\"cz_wh_left\"><b>Parents + 2 children<\/b><\/span><span class=\"cz_wh_right\">79 \u20ac<\/span><\/div><div class=\"cz_wh_line\"><\/div><\/div><div class=\"mb10 last0 clr\"><div class=\"clr\"><span class=\"cz_wh_left\"><b>Guide - for accompanied climbing - 1 hour<\/b><span class=\"cz_wh_sub\">appointment only!<\/span><\/span><span class=\"cz_wh_right\">25 \u20ac<\/span><\/div><div class=\"cz_wh_line\"><\/div><\/div><\/div><div class=\"cz_gap clr \" style=\"height: 50px\"><\/div><div id=\"cz_5917\" class=\"cz_5917 cz_title clr cz_title_pos_inline\"><div class=\"cz_title_content\"><div class=\"cz_wpe_content\"><p>School group (visits can be arranged at any time)&nbsp;<strong>19 \u20ac<\/strong>.<\/p>\n<p>Gift Vouchers available! (can be send by mail )<\/p>\n<p>We organize Birthday parties for Children and adults!<\/p>\n<p>Cash payment, credit cards possible. You can not combine action prices and discounts.<\/p>\n<p>Entry fee is valid for&nbsp;<strong>2 hours and 30 minutes<\/strong>&nbsp;in Adventure park + a short course.<\/p>\n<p>Companions, hikers, watchers, dogs don\u2019t need to pay the entry fee.<\/p>\n<\/div><\/div><\/div><div class=\"cz_gap clr \" style=\"height: 32px\"><\/div><div class=\"cz_eqh cz_content_box_parent_fx  \"><div id=\"cz_63907\" class=\"cz_63907 cz_content_box clr\"><div class=\"cz_box_front clr\"><div class=\"cz_box_front_inner clr \"><span><\/span><div><div id=\"cz_66320\" class=\"cz_66320 cz_title clr cz_title_pos_inline\"><div class=\"cz_title_content\"><div class=\"cz_wpe_content\"><p>For Children from 5 years of age. Children younger then 14 years can visit Adventure park only accompanied with adults!<\/p>\n<p>For 3 children \u2013 1 adult! Guide\/supervisor can be hired upon prior notice for 45 \u20ac\/hour.<\/p>\n<p>We recommend sport shoes and clothes.<\/p>\n<\/div><\/div><\/div><\/div><\/div><\/div><\/div><\/div><div class=\"cz_gap clr \" style=\"height: 32px\"><\/div><div id=\"cz_58619\" class=\"cz_58619 cz_title clr cz_title_pos_inline\"><div class=\"cz_title_content\"><div class=\"cz_wpe_content\"><p><em>Prices can change without prior notice!<\/em><\/p>\n<\/div><\/div><\/div><div class=\"cz_gap clr \" style=\"height: 32px\"><\/div>[\/vc_column][vc_column width=&#8221;5\/12&#8243;]<div class=\"cz_gap clr \" style=\"height: 60px\"><\/div><div id=\"cz_60574\" data-position=\"top-right\" class=\"cz_60574 cz_image clr cz_image_no_fx center_on_mobile\"><div class=\"\" ><div class=\"cz_image_in\"><div class=\"cz_main_image\"><img fetchpriority=\"high\" loading=\"eager\" decoding=\"sync\" data-no-lazy=\"1\" width=\"513\" height=\"868\" src=\"https:\/\/waldseilpark-tscheppaschlucht.at\/wp-content\/uploads\/2021\/07\/Waldseilpark-Tscheppaschlucht-open.jpg\" class=\"attachment-full\" alt=\"Waldseilpark Tscheppaschlucht open\" title=\"Waldseilpark-Tscheppaschlucht-open\" srcset=\"https:\/\/waldseilpark-tscheppaschlucht.at\/wp-content\/uploads\/2021\/07\/Waldseilpark-Tscheppaschlucht-open.jpg 513w, https:\/\/waldseilpark-tscheppaschlucht.at\/wp-content\/uploads\/2021\/07\/Waldseilpark-Tscheppaschlucht-open-177x300.jpg 177w\" sizes=\"(max-width: 513px) 100vw, 513px\"  \/><\/div><\/div><\/div><\/div>[\/vc_column][\/vc_row]<\/p>\n<\/div>","protected":false},"excerpt":{"rendered":"[vc_row gap=\"25\" css=\".vc_custom_1625238580123{padding-top: 8vh !important;padding-bottom: 8vh !important;}\" el_id=\"preise\"][vc_column width=\"7\/12\"]Pricelist&nbsp; Children in Kids-Park (Krokodil)16 \u20acChildren 6 - 13 years (Including Flying","protected":false},"author":1,"featured_media":0,"parent":0,"menu_order":0,"comment_status":"closed","ping_status":"closed","template":"","meta":{"footnotes":""},"class_list":["post-1900","page","type-page","status-publish","hentry"],"yoast_head":"<!-- This site is optimized with the Yoast SEO plugin v27.1.1 - https:\/\/yoast.com\/product\/yoast-seo-wordpress\/ -->\n<title>Pricelist - Waldseilpark Tscheppaschlucht<\/title>\n<meta name=\"robots\" content=\"index, follow, max-snippet:-1, max-image-preview:large, max-video-preview:-1\" \/>\n<link rel=\"canonical\" href=\"https:\/\/waldseilpark-tscheppaschlucht.at\/en\/pricelist\/\" \/>\n<meta property=\"og:locale\" content=\"en_US\" \/>\n<meta property=\"og:type\" content=\"article\" \/>\n<meta property=\"og:title\" content=\"Pricelist - Waldseilpark Tscheppaschlucht\" \/>\n<meta property=\"og:url\" content=\"https:\/\/waldseilpark-tscheppaschlucht.at\/en\/pricelist\/\" \/>\n<meta property=\"og:site_name\" content=\"Waldseilpark Tscheppaschlucht\" \/>\n<meta property=\"article:modified_time\" content=\"2026-04-15T19:24:24+00:00\" \/>\n<meta name=\"twitter:card\" content=\"summary_large_image\" \/>\n<meta name=\"twitter:label1\" content=\"Est. reading time\" \/>\n\t<meta name=\"twitter:data1\" content=\"2 minutes\" \/>\n<script type=\"application\/ld+json\" class=\"yoast-schema-graph\">{\"@context\":\"https:\/\/schema.org\",\"@graph\":[{\"@type\":\"WebPage\",\"@id\":\"https:\/\/waldseilpark-tscheppaschlucht.at\/en\/pricelist\/\",\"url\":\"https:\/\/waldseilpark-tscheppaschlucht.at\/en\/pricelist\/\",\"name\":\"Pricelist - Waldseilpark Tscheppaschlucht\",\"isPartOf\":{\"@id\":\"https:\/\/waldseilpark-tscheppaschlucht.at\/en\/#website\"},\"datePublished\":\"2021-07-02T15:08:52+00:00\",\"dateModified\":\"2026-04-15T19:24:24+00:00\",\"breadcrumb\":{\"@id\":\"https:\/\/waldseilpark-tscheppaschlucht.at\/en\/pricelist\/#breadcrumb\"},\"inLanguage\":\"en-US\",\"potentialAction\":[{\"@type\":\"ReadAction\",\"target\":[\"https:\/\/waldseilpark-tscheppaschlucht.at\/en\/pricelist\/\"]}]},{\"@type\":\"BreadcrumbList\",\"@id\":\"https:\/\/waldseilpark-tscheppaschlucht.at\/en\/pricelist\/#breadcrumb\",\"itemListElement\":[{\"@type\":\"ListItem\",\"position\":1,\"name\":\"Home\",\"item\":\"https:\/\/waldseilpark-tscheppaschlucht.at\/en\/\"},{\"@type\":\"ListItem\",\"position\":2,\"name\":\"Pricelist\"}]},{\"@type\":\"WebSite\",\"@id\":\"https:\/\/waldseilpark-tscheppaschlucht.at\/en\/#website\",\"url\":\"https:\/\/waldseilpark-tscheppaschlucht.at\/en\/\",\"name\":\"Waldseilpark Tscheppaschlucht\",\"description\":\"K\u00e4rntens gr\u00f6\u00dfter Waldseilaprk\",\"potentialAction\":[{\"@type\":\"SearchAction\",\"target\":{\"@type\":\"EntryPoint\",\"urlTemplate\":\"https:\/\/waldseilpark-tscheppaschlucht.at\/en\/?s={search_term_string}\"},\"query-input\":{\"@type\":\"PropertyValueSpecification\",\"valueRequired\":true,\"valueName\":\"search_term_string\"}}],\"inLanguage\":\"en-US\"}]}<\/script>\n<!-- \/ Yoast SEO plugin. -->","yoast_head_json":{"title":"Pricelist - Waldseilpark Tscheppaschlucht","robots":{"index":"index","follow":"follow","max-snippet":"max-snippet:-1","max-image-preview":"max-image-preview:large","max-video-preview":"max-video-preview:-1"},"canonical":"https:\/\/waldseilpark-tscheppaschlucht.at\/en\/pricelist\/","og_locale":"en_US","og_type":"article","og_title":"Pricelist - Waldseilpark Tscheppaschlucht","og_url":"https:\/\/waldseilpark-tscheppaschlucht.at\/en\/pricelist\/","og_site_name":"Waldseilpark Tscheppaschlucht","article_modified_time":"2026-04-15T19:24:24+00:00","twitter_card":"summary_large_image","twitter_misc":{"Est. reading time":"2 minutes"},"schema":{"@context":"https:\/\/schema.org","@graph":[{"@type":"WebPage","@id":"https:\/\/waldseilpark-tscheppaschlucht.at\/en\/pricelist\/","url":"https:\/\/waldseilpark-tscheppaschlucht.at\/en\/pricelist\/","name":"Pricelist - Waldseilpark Tscheppaschlucht","isPartOf":{"@id":"https:\/\/waldseilpark-tscheppaschlucht.at\/en\/#website"},"datePublished":"2021-07-02T15:08:52+00:00","dateModified":"2026-04-15T19:24:24+00:00","breadcrumb":{"@id":"https:\/\/waldseilpark-tscheppaschlucht.at\/en\/pricelist\/#breadcrumb"},"inLanguage":"en-US","potentialAction":[{"@type":"ReadAction","target":["https:\/\/waldseilpark-tscheppaschlucht.at\/en\/pricelist\/"]}]},{"@type":"BreadcrumbList","@id":"https:\/\/waldseilpark-tscheppaschlucht.at\/en\/pricelist\/#breadcrumb","itemListElement":[{"@type":"ListItem","position":1,"name":"Home","item":"https:\/\/waldseilpark-tscheppaschlucht.at\/en\/"},{"@type":"ListItem","position":2,"name":"Pricelist"}]},{"@type":"WebSite","@id":"https:\/\/waldseilpark-tscheppaschlucht.at\/en\/#website","url":"https:\/\/waldseilpark-tscheppaschlucht.at\/en\/","name":"Waldseilpark Tscheppaschlucht","description":"K\u00e4rntens gr\u00f6\u00dfter Waldseilaprk","potentialAction":[{"@type":"SearchAction","target":{"@type":"EntryPoint","urlTemplate":"https:\/\/waldseilpark-tscheppaschlucht.at\/en\/?s={search_term_string}"},"query-input":{"@type":"PropertyValueSpecification","valueRequired":true,"valueName":"search_term_string"}}],"inLanguage":"en-US"}]}},"_links":{"self":[{"href":"https:\/\/waldseilpark-tscheppaschlucht.at\/en\/wp-json\/wp\/v2\/pages\/1900","targetHints":{"allow":["GET"]}}],"collection":[{"href":"https:\/\/waldseilpark-tscheppaschlucht.at\/en\/wp-json\/wp\/v2\/pages"}],"about":[{"href":"https:\/\/waldseilpark-tscheppaschlucht.at\/en\/wp-json\/wp\/v2\/types\/page"}],"author":[{"embeddable":true,"href":"https:\/\/waldseilpark-tscheppaschlucht.at\/en\/wp-json\/wp\/v2\/users\/1"}],"replies":[{"embeddable":true,"href":"https:\/\/waldseilpark-tscheppaschlucht.at\/en\/wp-json\/wp\/v2\/comments?post=1900"}],"version-history":[{"count":13,"href":"https:\/\/waldseilpark-tscheppaschlucht.at\/en\/wp-json\/wp\/v2\/pages\/1900\/revisions"}],"predecessor-version":[{"id":2274,"href":"https:\/\/waldseilpark-tscheppaschlucht.at\/en\/wp-json\/wp\/v2\/pages\/1900\/revisions\/2274"}],"wp:attachment":[{"href":"https:\/\/waldseilpark-tscheppaschlucht.at\/en\/wp-json\/wp\/v2\/media?parent=1900"}],"curies":[{"name":"wp","href":"https:\/\/api.w.org\/{rel}","templated":true}]}}