{"id":1928,"date":"2021-07-02T14:19:17","date_gmt":"2021-07-02T14:19:17","guid":{"rendered":"http:\/\/waldseilpark-tscheppaschlucht.at\/offnungszeiten\/"},"modified":"2026-03-17T21:50:56","modified_gmt":"2026-03-17T20:50:56","slug":"opening-hours","status":"publish","type":"page","link":"https:\/\/waldseilpark-tscheppaschlucht.at\/en\/opening-hours\/","title":{"rendered":"Opening hours"},"content":{"rendered":"<div class=\"wpb-content-wrapper\"><p>[vc_row full_width=&#8221;stretch_row&#8221; css=&#8221;.vc_custom_1650872391145{padding-top: 8vh !important;padding-bottom: 10vh !important;}&#8221;][vc_column width=&#8221;2\/3&#8243;]<div class=\"cz_eqh cz_content_box_parent_fx  \"><div id=\"cz_87666\" class=\"cz_87666 cz_content_box clr\"><div class=\"cz_box_front clr\"><div class=\"cz_box_front_inner clr \"><span><\/span><div><div id=\"cz_3417\" class=\"cz_3417 cz_title clr cz_mobile_text_center cz_title_pos_inline\"><div class=\"cz_title_content\"><div class=\"cz_wpe_content\"><h1>Opening hours 2026<\/h1>\n<\/div><\/div><\/div><div class=\"relative\"><div id=\"cz_16344\" class=\"cz_16344 cz_line tal\"><\/div><\/div><div class=\"clr\"><\/div><div id=\"cz_11071\" class=\"cz_11071 cz_title clr cz_mobile_text_center cz_title_pos_inline\"><div class=\"cz_title_content\"><div class=\"cz_wpe_content\"><p><span style=\"font-size: 18px;\"><strong>Maj 2th \u2013 June 28th<\/strong><\/span><\/p>\n<p><span style=\"font-size: 18px;\">Saturday, Sunday, Holidays<\/span><br \/>\n<span style=\"font-size: 18px;\">From 10 a.m. to 6 p.m<\/span><\/p>\n<p>&nbsp;<\/p>\n<p><span style=\"font-size: 18px;\"><strong>June 29th to September 6th<\/strong><\/span><\/p>\n<p><span style=\"font-size: 18px;\">Daily from 10 a.m. to 6 p.m<\/span><\/p>\n<p>&nbsp;<\/p>\n<p><span style=\"font-size: 18px;\"><strong>September 12th \u2013 October 11th<\/strong><\/span><\/p>\n<p><span style=\"font-size: 18px;\">Saturday, Sunday<\/span><br \/>\n<span style=\"font-size: 18px;\">From 11 a.m. to 4 p.m<\/span><\/p>\n<p>&nbsp;<\/p>\n<p><span style=\"font-size: 20px;\"><strong><span style=\"color: #fe8802;\">Last entry 2 hours before park closing.<\/span><\/strong><\/span><\/p>\n<\/div><\/div><\/div><div class=\"cz_gap clr \" style=\"height: 40px\"><\/div><div id=\"cz_10701\" class=\"cz_10701 cz_title clr cz_mobile_text_center cz_title_pos_inline\"><div class=\"cz_title_content\"><div class=\"cz_wpe_content\"><h2><strong><em>For groups every day by appointment !!!<\/em><\/strong><\/h2>\n<p>&nbsp;<\/p>\n<p>Info: <a href=\"tel:+38670817697\">+386 70 817 697<\/a><\/p>\n<p><a href=\"mailto:waldseilpark.tscheppaschlucht@gmail.com\" target=\"_blank\" rel=\"noopener\">waldseilpark.<wbr>tscheppaschlucht@gmail.com<\/a><\/p>\n<\/div><\/div><\/div><\/div><\/div><\/div><\/div><\/div><div class=\"cz_gap clr \" style=\"height: 80px\"><\/div>[\/vc_column][vc_column width=&#8221;1\/3&#8243;]<div id=\"cz_52680\" data-position=\"top-right\" class=\"cz_52680 cz_image clr cz_image_no_fx center_on_mobile\"><div class=\"\" ><div class=\"cz_image_in\"><div class=\"cz_main_image\"><img fetchpriority=\"high\" loading=\"eager\" decoding=\"sync\" data-no-lazy=\"1\" width=\"757\" height=\"851\" src=\"https:\/\/waldseilpark-tscheppaschlucht.at\/wp-content\/uploads\/2021\/07\/odpiralni-cas.jpg\" class=\"attachment-full\" alt=\"Odpiralni cas\" title=\"odpiralni-cas\" srcset=\"https:\/\/waldseilpark-tscheppaschlucht.at\/wp-content\/uploads\/2021\/07\/odpiralni-cas.jpg 757w, https:\/\/waldseilpark-tscheppaschlucht.at\/wp-content\/uploads\/2021\/07\/odpiralni-cas-267x300.jpg 267w, https:\/\/waldseilpark-tscheppaschlucht.at\/wp-content\/uploads\/2021\/07\/odpiralni-cas-600x675.jpg 600w\" sizes=\"(max-width: 757px) 100vw, 757px\"  \/><\/div><\/div><\/div><\/div>[\/vc_column][\/vc_row][vc_row full_width=&#8221;stretch_row&#8221; disable_element=&#8221;yes&#8221; css=&#8221;.vc_custom_1650872325990{padding-top: 8vh !important;padding-bottom: 10vh !important;}&#8221;][vc_column width=&#8221;2\/3&#8243;]<div class=\"cz_eqh cz_content_box_parent_fx  \"><div id=\"cz_87666\" class=\"cz_87666 cz_content_box clr\"><div class=\"cz_box_front clr\"><div class=\"cz_box_front_inner clr \"><span><\/span><div><div id=\"cz_103098\" class=\"cz_103098 cz_title clr cz_mobile_text_center cz_title_pos_inline\"><div class=\"cz_title_content\"><div class=\"cz_wpe_content\"><h1>Opening hours<\/h1>\n<\/div><\/div><\/div><div class=\"relative\"><div id=\"cz_16344\" class=\"cz_16344 cz_line tal\"><\/div><\/div><div class=\"clr\"><\/div><div id=\"cz_10456\" class=\"cz_10456 cz_wh\"><div class=\"mb10 last0 clr\"><div class=\"clr\"><span class=\"cz_wh_left\"><b>Saturday, Sunday, public holidays<\/b><\/span><span class=\"cz_wh_right\">10 a.m. till 6 p.m.<\/span><\/div><div class=\"cz_wh_line\"><\/div><\/div><\/div><div class=\"cz_gap clr \" style=\"height: 40px\"><\/div><div id=\"cz_2760\" class=\"cz_2760 cz_title clr cz_mobile_text_center cz_title_pos_inline\"><div class=\"cz_title_content\"><div class=\"cz_wpe_content\"><h3><\/h3>\n<h3><\/h3>\n<h3>See you in the 2026 season !!!<\/h3>\n<\/div><\/div><\/div><div class=\"cz_gap clr \" style=\"height: 40px\"><\/div><div id=\"cz_24922\" class=\"cz_24922 cz_title clr cz_mobile_text_center cz_title_pos_inline\"><div class=\"cz_title_content\"><div class=\"cz_wpe_content\"><p>Info: <a href=\"tel:+38670817697\">+386 70 817 697<\/a><\/p>\n<p><a class=\"smallmail\" href=\"mailto:info@waldseilpark-tscheppaschlucht.at\">info@waldseilpark-tscheppaschlucht.at<\/a><\/p>\n<\/div><\/div><\/div><\/div><\/div><\/div><\/div><\/div><div class=\"cz_gap clr \" style=\"height: 80px\"><\/div>[\/vc_column][vc_column width=&#8221;1\/3&#8243;]<div id=\"cz_52680\" data-position=\"top-right\" class=\"cz_52680 cz_image clr cz_image_no_fx center_on_mobile\"><div class=\"\" ><div class=\"cz_image_in\"><div class=\"cz_main_image\"><img decoding=\"async\" width=\"757\" height=\"851\" src=\"https:\/\/waldseilpark-tscheppaschlucht.at\/wp-content\/uploads\/2021\/07\/odpiralni-cas.jpg\" class=\"attachment-full\" alt=\"Odpiralni cas\" title=\"odpiralni-cas\" srcset=\"https:\/\/waldseilpark-tscheppaschlucht.at\/wp-content\/uploads\/2021\/07\/odpiralni-cas.jpg 757w, https:\/\/waldseilpark-tscheppaschlucht.at\/wp-content\/uploads\/2021\/07\/odpiralni-cas-267x300.jpg 267w, https:\/\/waldseilpark-tscheppaschlucht.at\/wp-content\/uploads\/2021\/07\/odpiralni-cas-600x675.jpg 600w\" sizes=\"auto, (max-width: 757px) 100vw, 757px\" loading=\"lazy\" \/><\/div><\/div><\/div><\/div>[\/vc_column][\/vc_row]<\/p>\n<\/div>","protected":false},"excerpt":{"rendered":"[vc_row full_width=\"stretch_row\" css=\".vc_custom_1650872391145{padding-top: 8vh !important;padding-bottom: 10vh !important;}\"][vc_column width=\"2\/3\"]Opening hours 2026 Maj 2th \u2013 June 28th Saturday, Sunday, Holidays From 10","protected":false},"author":1,"featured_media":0,"parent":0,"menu_order":0,"comment_status":"closed","ping_status":"closed","template":"","meta":{"footnotes":""},"class_list":["post-1928","page","type-page","status-publish","hentry"],"yoast_head":"<!-- This site is optimized with the Yoast SEO plugin v27.1.1 - https:\/\/yoast.com\/product\/yoast-seo-wordpress\/ -->\n<title>Opening hours - Waldseilpark Tscheppaschlucht<\/title>\n<meta name=\"robots\" content=\"index, follow, max-snippet:-1, max-image-preview:large, max-video-preview:-1\" \/>\n<link rel=\"canonical\" href=\"https:\/\/waldseilpark-tscheppaschlucht.at\/en\/opening-hours\/\" \/>\n<meta property=\"og:locale\" content=\"en_US\" \/>\n<meta property=\"og:type\" content=\"article\" \/>\n<meta property=\"og:title\" content=\"Opening hours - Waldseilpark Tscheppaschlucht\" \/>\n<meta property=\"og:url\" content=\"https:\/\/waldseilpark-tscheppaschlucht.at\/en\/opening-hours\/\" \/>\n<meta property=\"og:site_name\" content=\"Waldseilpark Tscheppaschlucht\" \/>\n<meta property=\"article:modified_time\" content=\"2026-03-17T20:50:56+00:00\" \/>\n<meta name=\"twitter:card\" content=\"summary_large_image\" \/>\n<meta name=\"twitter:label1\" content=\"Est. reading time\" \/>\n\t<meta name=\"twitter:data1\" content=\"1 minute\" \/>\n<script type=\"application\/ld+json\" class=\"yoast-schema-graph\">{\"@context\":\"https:\/\/schema.org\",\"@graph\":[{\"@type\":\"WebPage\",\"@id\":\"https:\/\/waldseilpark-tscheppaschlucht.at\/en\/opening-hours\/\",\"url\":\"https:\/\/waldseilpark-tscheppaschlucht.at\/en\/opening-hours\/\",\"name\":\"Opening hours - Waldseilpark Tscheppaschlucht\",\"isPartOf\":{\"@id\":\"https:\/\/waldseilpark-tscheppaschlucht.at\/en\/#website\"},\"datePublished\":\"2021-07-02T14:19:17+00:00\",\"dateModified\":\"2026-03-17T20:50:56+00:00\",\"breadcrumb\":{\"@id\":\"https:\/\/waldseilpark-tscheppaschlucht.at\/en\/opening-hours\/#breadcrumb\"},\"inLanguage\":\"en-US\",\"potentialAction\":[{\"@type\":\"ReadAction\",\"target\":[\"https:\/\/waldseilpark-tscheppaschlucht.at\/en\/opening-hours\/\"]}]},{\"@type\":\"BreadcrumbList\",\"@id\":\"https:\/\/waldseilpark-tscheppaschlucht.at\/en\/opening-hours\/#breadcrumb\",\"itemListElement\":[{\"@type\":\"ListItem\",\"position\":1,\"name\":\"Home\",\"item\":\"https:\/\/waldseilpark-tscheppaschlucht.at\/en\/\"},{\"@type\":\"ListItem\",\"position\":2,\"name\":\"Opening hours\"}]},{\"@type\":\"WebSite\",\"@id\":\"https:\/\/waldseilpark-tscheppaschlucht.at\/en\/#website\",\"url\":\"https:\/\/waldseilpark-tscheppaschlucht.at\/en\/\",\"name\":\"Waldseilpark Tscheppaschlucht\",\"description\":\"K\u00e4rntens gr\u00f6\u00dfter Waldseilaprk\",\"potentialAction\":[{\"@type\":\"SearchAction\",\"target\":{\"@type\":\"EntryPoint\",\"urlTemplate\":\"https:\/\/waldseilpark-tscheppaschlucht.at\/en\/?s={search_term_string}\"},\"query-input\":{\"@type\":\"PropertyValueSpecification\",\"valueRequired\":true,\"valueName\":\"search_term_string\"}}],\"inLanguage\":\"en-US\"}]}<\/script>\n<!-- \/ Yoast SEO plugin. -->","yoast_head_json":{"title":"Opening hours - Waldseilpark Tscheppaschlucht","robots":{"index":"index","follow":"follow","max-snippet":"max-snippet:-1","max-image-preview":"max-image-preview:large","max-video-preview":"max-video-preview:-1"},"canonical":"https:\/\/waldseilpark-tscheppaschlucht.at\/en\/opening-hours\/","og_locale":"en_US","og_type":"article","og_title":"Opening hours - Waldseilpark Tscheppaschlucht","og_url":"https:\/\/waldseilpark-tscheppaschlucht.at\/en\/opening-hours\/","og_site_name":"Waldseilpark Tscheppaschlucht","article_modified_time":"2026-03-17T20:50:56+00:00","twitter_card":"summary_large_image","twitter_misc":{"Est. reading time":"1 minute"},"schema":{"@context":"https:\/\/schema.org","@graph":[{"@type":"WebPage","@id":"https:\/\/waldseilpark-tscheppaschlucht.at\/en\/opening-hours\/","url":"https:\/\/waldseilpark-tscheppaschlucht.at\/en\/opening-hours\/","name":"Opening hours - Waldseilpark Tscheppaschlucht","isPartOf":{"@id":"https:\/\/waldseilpark-tscheppaschlucht.at\/en\/#website"},"datePublished":"2021-07-02T14:19:17+00:00","dateModified":"2026-03-17T20:50:56+00:00","breadcrumb":{"@id":"https:\/\/waldseilpark-tscheppaschlucht.at\/en\/opening-hours\/#breadcrumb"},"inLanguage":"en-US","potentialAction":[{"@type":"ReadAction","target":["https:\/\/waldseilpark-tscheppaschlucht.at\/en\/opening-hours\/"]}]},{"@type":"BreadcrumbList","@id":"https:\/\/waldseilpark-tscheppaschlucht.at\/en\/opening-hours\/#breadcrumb","itemListElement":[{"@type":"ListItem","position":1,"name":"Home","item":"https:\/\/waldseilpark-tscheppaschlucht.at\/en\/"},{"@type":"ListItem","position":2,"name":"Opening hours"}]},{"@type":"WebSite","@id":"https:\/\/waldseilpark-tscheppaschlucht.at\/en\/#website","url":"https:\/\/waldseilpark-tscheppaschlucht.at\/en\/","name":"Waldseilpark Tscheppaschlucht","description":"K\u00e4rntens gr\u00f6\u00dfter Waldseilaprk","potentialAction":[{"@type":"SearchAction","target":{"@type":"EntryPoint","urlTemplate":"https:\/\/waldseilpark-tscheppaschlucht.at\/en\/?s={search_term_string}"},"query-input":{"@type":"PropertyValueSpecification","valueRequired":true,"valueName":"search_term_string"}}],"inLanguage":"en-US"}]}},"_links":{"self":[{"href":"https:\/\/waldseilpark-tscheppaschlucht.at\/en\/wp-json\/wp\/v2\/pages\/1928","targetHints":{"allow":["GET"]}}],"collection":[{"href":"https:\/\/waldseilpark-tscheppaschlucht.at\/en\/wp-json\/wp\/v2\/pages"}],"about":[{"href":"https:\/\/waldseilpark-tscheppaschlucht.at\/en\/wp-json\/wp\/v2\/types\/page"}],"author":[{"embeddable":true,"href":"https:\/\/waldseilpark-tscheppaschlucht.at\/en\/wp-json\/wp\/v2\/users\/1"}],"replies":[{"embeddable":true,"href":"https:\/\/waldseilpark-tscheppaschlucht.at\/en\/wp-json\/wp\/v2\/comments?post=1928"}],"version-history":[{"count":21,"href":"https:\/\/waldseilpark-tscheppaschlucht.at\/en\/wp-json\/wp\/v2\/pages\/1928\/revisions"}],"predecessor-version":[{"id":2247,"href":"https:\/\/waldseilpark-tscheppaschlucht.at\/en\/wp-json\/wp\/v2\/pages\/1928\/revisions\/2247"}],"wp:attachment":[{"href":"https:\/\/waldseilpark-tscheppaschlucht.at\/en\/wp-json\/wp\/v2\/media?parent=1928"}],"curies":[{"name":"wp","href":"https:\/\/api.w.org\/{rel}","templated":true}]}}