{"id":1852,"date":"2021-06-09T09:10:37","date_gmt":"2021-06-09T08:10:37","guid":{"rendered":"http:\/\/waldseilpark-tscheppaschlucht.at\/anfahrt\/"},"modified":"2023-04-24T18:09:00","modified_gmt":"2023-04-24T16:09:00","slug":"kje-smo","status":"publish","type":"page","link":"https:\/\/waldseilpark-tscheppaschlucht.at\/sl\/kje-smo\/","title":{"rendered":"Kje smo"},"content":{"rendered":"<div class=\"wpb-content-wrapper\"><p>[vc_row css=&#8221;.vc_custom_1623226378977{padding-top: 8vh !important;padding-bottom: 4vh !important;}&#8221;][vc_column]<div id=\"cz_85378\" class=\"cz_85378 cz_title clr cz_title_pos_inline\"><div class=\"cz_title_content\"><div class=\"cz_wpe_content\"><h1>Kje smo<\/h1>\n<\/div><\/div><\/div>[\/vc_column][\/vc_row][vc_row css=&#8221;.vc_custom_1623226385125{padding-bottom: 8vh !important;}&#8221;][vc_column width=&#8221;1\/2&#8243;]<div id=\"cz_18986\" class=\"cz_18986 cz_title clr cz_title_pos_inline\"><div class=\"cz_title_content\"><div class=\"cz_wpe_content\"><h3>Pustolovski park Waldseilpark Tscheppaschlucht<\/h3>\n<p>&nbsp;<\/p>\n<p><span style=\"font-size: 20px;\">Loibelpa\u00df Bundesstra\u00dfe B91 &#8211; Parkplatz Tscheppaschlucht, 9163 Unterbergen.<\/span><\/p>\n<p>&#8211; avstrijska stran ceste na Ljubelj<\/p>\n<\/div><\/div><\/div><div class=\"cz_gap clr \" style=\"height: 50px\"><\/div><a href=\"https:\/\/goo.gl\/maps\/FvVfnvdYDzHY8R2bA\" target=\"_blank\"><div id=\"cz_101725\" data-position=\"top-right\" class=\"cz_101725 cz_image clr cz_image_no_fx center_on_mobile\"><div class=\"\" ><div class=\"cz_image_in\"><div class=\"cz_main_image\"><img fetchpriority=\"high\" loading=\"eager\" decoding=\"sync\" data-no-lazy=\"1\" width=\"515\" height=\"224\" src=\"https:\/\/waldseilpark-tscheppaschlucht.at\/wp-content\/uploads\/2021\/06\/Waldseilpark-Tscheppaschluchtanfahrt-anfahrt.png\" class=\"attachment-full\" alt=\"Waldseilpark Tscheppaschluchtanfahrt anfahrt\" title=\"Waldseilpark-Tscheppaschluchtanfahrt-anfahrt\" srcset=\"https:\/\/waldseilpark-tscheppaschlucht.at\/wp-content\/uploads\/2021\/06\/Waldseilpark-Tscheppaschluchtanfahrt-anfahrt.png 515w, https:\/\/waldseilpark-tscheppaschlucht.at\/wp-content\/uploads\/2021\/06\/Waldseilpark-Tscheppaschluchtanfahrt-anfahrt-300x130.png 300w\" sizes=\"(max-width: 515px) 100vw, 515px\"  \/><\/div><\/div><\/div><\/div><\/a>[\/vc_column][vc_column width=&#8221;1\/2&#8243;]<a href=\"https:\/\/goo.gl\/maps\/QYdLfCxTB3K3LDUL8\" target=\"_blank\"><div id=\"cz_48835\" data-position=\"top-right\" class=\"cz_48835 cz_image clr cz_image_blurred center_on_mobile\"><div class=\"\" ><div class=\"cz_image_in\"><div class=\"cz_main_image\"><img decoding=\"async\" width=\"1099\" height=\"738\" src=\"https:\/\/waldseilpark-tscheppaschlucht.at\/wp-content\/uploads\/2023\/04\/WALDSEILPARK_TSCHEPPASCHLUCHT_GmbH_2.jpg\" class=\"attachment-full\" alt=\"Waldseilpark Tscheppaschlucht\" srcset=\"https:\/\/waldseilpark-tscheppaschlucht.at\/wp-content\/uploads\/2023\/04\/WALDSEILPARK_TSCHEPPASCHLUCHT_GmbH_2.jpg 1099w, https:\/\/waldseilpark-tscheppaschlucht.at\/wp-content\/uploads\/2023\/04\/WALDSEILPARK_TSCHEPPASCHLUCHT_GmbH_2-300x201.jpg 300w, https:\/\/waldseilpark-tscheppaschlucht.at\/wp-content\/uploads\/2023\/04\/WALDSEILPARK_TSCHEPPASCHLUCHT_GmbH_2-1024x688.jpg 1024w, https:\/\/waldseilpark-tscheppaschlucht.at\/wp-content\/uploads\/2023\/04\/WALDSEILPARK_TSCHEPPASCHLUCHT_GmbH_2-768x516.jpg 768w, https:\/\/waldseilpark-tscheppaschlucht.at\/wp-content\/uploads\/2023\/04\/WALDSEILPARK_TSCHEPPASCHLUCHT_GmbH_2-600x403.jpg 600w\" sizes=\"auto, (max-width: 1099px) 100vw, 1099px\" loading=\"lazy\" \/><\/div><div class=\"cz_hover_image\"><img decoding=\"async\" width=\"1099\" height=\"738\" src=\"https:\/\/waldseilpark-tscheppaschlucht.at\/wp-content\/uploads\/2023\/04\/WALDSEILPARK_TSCHEPPASCHLUCHT_GmbH_2.jpg\" class=\"attachment-full\" alt=\"Waldseilpark Tscheppaschlucht\" srcset=\"https:\/\/waldseilpark-tscheppaschlucht.at\/wp-content\/uploads\/2023\/04\/WALDSEILPARK_TSCHEPPASCHLUCHT_GmbH_2.jpg 1099w, https:\/\/waldseilpark-tscheppaschlucht.at\/wp-content\/uploads\/2023\/04\/WALDSEILPARK_TSCHEPPASCHLUCHT_GmbH_2-300x201.jpg 300w, https:\/\/waldseilpark-tscheppaschlucht.at\/wp-content\/uploads\/2023\/04\/WALDSEILPARK_TSCHEPPASCHLUCHT_GmbH_2-1024x688.jpg 1024w, https:\/\/waldseilpark-tscheppaschlucht.at\/wp-content\/uploads\/2023\/04\/WALDSEILPARK_TSCHEPPASCHLUCHT_GmbH_2-768x516.jpg 768w, https:\/\/waldseilpark-tscheppaschlucht.at\/wp-content\/uploads\/2023\/04\/WALDSEILPARK_TSCHEPPASCHLUCHT_GmbH_2-600x403.jpg 600w\" sizes=\"auto, (max-width: 1099px) 100vw, 1099px\" loading=\"lazy\" \/><\/div><\/div><\/div><\/div><\/a>[\/vc_column][\/vc_row]<\/p>\n<\/div>","protected":false},"excerpt":{"rendered":"[vc_row css=\".vc_custom_1623226378977{padding-top: 8vh !important;padding-bottom: 4vh !important;}\"][vc_column]Kje smo [\/vc_column][\/vc_row][vc_row css=\".vc_custom_1623226385125{padding-bottom: 8vh !important;}\"][vc_column width=\"1\/2\"]Pustolovski park Waldseilpark Tscheppaschlucht &nbsp; Loibelpa\u00df Bundesstra\u00dfe B91 -","protected":false},"author":1,"featured_media":0,"parent":0,"menu_order":0,"comment_status":"closed","ping_status":"closed","template":"","meta":{"footnotes":""},"class_list":["post-1852","page","type-page","status-publish","hentry"],"yoast_head":"<!-- This site is optimized with the Yoast SEO plugin v27.1.1 - https:\/\/yoast.com\/product\/yoast-seo-wordpress\/ -->\n<title>Kje smo - Waldseilpark Tscheppaschlucht<\/title>\n<meta name=\"robots\" content=\"index, follow, max-snippet:-1, max-image-preview:large, max-video-preview:-1\" \/>\n<link rel=\"canonical\" href=\"https:\/\/waldseilpark-tscheppaschlucht.at\/sl\/kje-smo\/\" \/>\n<meta property=\"og:locale\" content=\"sl_SI\" \/>\n<meta property=\"og:type\" content=\"article\" \/>\n<meta property=\"og:title\" content=\"Kje smo - Waldseilpark Tscheppaschlucht\" \/>\n<meta property=\"og:url\" content=\"https:\/\/waldseilpark-tscheppaschlucht.at\/sl\/kje-smo\/\" \/>\n<meta property=\"og:site_name\" content=\"Waldseilpark Tscheppaschlucht\" \/>\n<meta property=\"article:modified_time\" content=\"2023-04-24T16:09:00+00:00\" \/>\n<meta name=\"twitter:card\" content=\"summary_large_image\" \/>\n<meta name=\"twitter:label1\" content=\"Est. reading time\" \/>\n\t<meta name=\"twitter:data1\" content=\"1 minuta\" \/>\n<script type=\"application\/ld+json\" class=\"yoast-schema-graph\">{\"@context\":\"https:\/\/schema.org\",\"@graph\":[{\"@type\":\"WebPage\",\"@id\":\"https:\/\/waldseilpark-tscheppaschlucht.at\/sl\/kje-smo\/\",\"url\":\"https:\/\/waldseilpark-tscheppaschlucht.at\/sl\/kje-smo\/\",\"name\":\"Kje smo - Waldseilpark Tscheppaschlucht\",\"isPartOf\":{\"@id\":\"https:\/\/waldseilpark-tscheppaschlucht.at\/sl\/#website\"},\"datePublished\":\"2021-06-09T08:10:37+00:00\",\"dateModified\":\"2023-04-24T16:09:00+00:00\",\"breadcrumb\":{\"@id\":\"https:\/\/waldseilpark-tscheppaschlucht.at\/sl\/kje-smo\/#breadcrumb\"},\"inLanguage\":\"sl-SI\",\"potentialAction\":[{\"@type\":\"ReadAction\",\"target\":[\"https:\/\/waldseilpark-tscheppaschlucht.at\/sl\/kje-smo\/\"]}]},{\"@type\":\"BreadcrumbList\",\"@id\":\"https:\/\/waldseilpark-tscheppaschlucht.at\/sl\/kje-smo\/#breadcrumb\",\"itemListElement\":[{\"@type\":\"ListItem\",\"position\":1,\"name\":\"Home\",\"item\":\"https:\/\/waldseilpark-tscheppaschlucht.at\/sl\/\"},{\"@type\":\"ListItem\",\"position\":2,\"name\":\"Kje smo\"}]},{\"@type\":\"WebSite\",\"@id\":\"https:\/\/waldseilpark-tscheppaschlucht.at\/sl\/#website\",\"url\":\"https:\/\/waldseilpark-tscheppaschlucht.at\/sl\/\",\"name\":\"Waldseilpark Tscheppaschlucht\",\"description\":\"K\u00e4rntens gr\u00f6\u00dfter Waldseilaprk\",\"potentialAction\":[{\"@type\":\"SearchAction\",\"target\":{\"@type\":\"EntryPoint\",\"urlTemplate\":\"https:\/\/waldseilpark-tscheppaschlucht.at\/sl\/?s={search_term_string}\"},\"query-input\":{\"@type\":\"PropertyValueSpecification\",\"valueRequired\":true,\"valueName\":\"search_term_string\"}}],\"inLanguage\":\"sl-SI\"}]}<\/script>\n<!-- \/ Yoast SEO plugin. -->","yoast_head_json":{"title":"Kje smo - Waldseilpark Tscheppaschlucht","robots":{"index":"index","follow":"follow","max-snippet":"max-snippet:-1","max-image-preview":"max-image-preview:large","max-video-preview":"max-video-preview:-1"},"canonical":"https:\/\/waldseilpark-tscheppaschlucht.at\/sl\/kje-smo\/","og_locale":"sl_SI","og_type":"article","og_title":"Kje smo - Waldseilpark Tscheppaschlucht","og_url":"https:\/\/waldseilpark-tscheppaschlucht.at\/sl\/kje-smo\/","og_site_name":"Waldseilpark Tscheppaschlucht","article_modified_time":"2023-04-24T16:09:00+00:00","twitter_card":"summary_large_image","twitter_misc":{"Est. reading time":"1 minuta"},"schema":{"@context":"https:\/\/schema.org","@graph":[{"@type":"WebPage","@id":"https:\/\/waldseilpark-tscheppaschlucht.at\/sl\/kje-smo\/","url":"https:\/\/waldseilpark-tscheppaschlucht.at\/sl\/kje-smo\/","name":"Kje smo - Waldseilpark Tscheppaschlucht","isPartOf":{"@id":"https:\/\/waldseilpark-tscheppaschlucht.at\/sl\/#website"},"datePublished":"2021-06-09T08:10:37+00:00","dateModified":"2023-04-24T16:09:00+00:00","breadcrumb":{"@id":"https:\/\/waldseilpark-tscheppaschlucht.at\/sl\/kje-smo\/#breadcrumb"},"inLanguage":"sl-SI","potentialAction":[{"@type":"ReadAction","target":["https:\/\/waldseilpark-tscheppaschlucht.at\/sl\/kje-smo\/"]}]},{"@type":"BreadcrumbList","@id":"https:\/\/waldseilpark-tscheppaschlucht.at\/sl\/kje-smo\/#breadcrumb","itemListElement":[{"@type":"ListItem","position":1,"name":"Home","item":"https:\/\/waldseilpark-tscheppaschlucht.at\/sl\/"},{"@type":"ListItem","position":2,"name":"Kje smo"}]},{"@type":"WebSite","@id":"https:\/\/waldseilpark-tscheppaschlucht.at\/sl\/#website","url":"https:\/\/waldseilpark-tscheppaschlucht.at\/sl\/","name":"Waldseilpark Tscheppaschlucht","description":"K\u00e4rntens gr\u00f6\u00dfter Waldseilaprk","potentialAction":[{"@type":"SearchAction","target":{"@type":"EntryPoint","urlTemplate":"https:\/\/waldseilpark-tscheppaschlucht.at\/sl\/?s={search_term_string}"},"query-input":{"@type":"PropertyValueSpecification","valueRequired":true,"valueName":"search_term_string"}}],"inLanguage":"sl-SI"}]}},"_links":{"self":[{"href":"https:\/\/waldseilpark-tscheppaschlucht.at\/sl\/wp-json\/wp\/v2\/pages\/1852","targetHints":{"allow":["GET"]}}],"collection":[{"href":"https:\/\/waldseilpark-tscheppaschlucht.at\/sl\/wp-json\/wp\/v2\/pages"}],"about":[{"href":"https:\/\/waldseilpark-tscheppaschlucht.at\/sl\/wp-json\/wp\/v2\/types\/page"}],"author":[{"embeddable":true,"href":"https:\/\/waldseilpark-tscheppaschlucht.at\/sl\/wp-json\/wp\/v2\/users\/1"}],"replies":[{"embeddable":true,"href":"https:\/\/waldseilpark-tscheppaschlucht.at\/sl\/wp-json\/wp\/v2\/comments?post=1852"}],"version-history":[{"count":6,"href":"https:\/\/waldseilpark-tscheppaschlucht.at\/sl\/wp-json\/wp\/v2\/pages\/1852\/revisions"}],"predecessor-version":[{"id":2163,"href":"https:\/\/waldseilpark-tscheppaschlucht.at\/sl\/wp-json\/wp\/v2\/pages\/1852\/revisions\/2163"}],"wp:attachment":[{"href":"https:\/\/waldseilpark-tscheppaschlucht.at\/sl\/wp-json\/wp\/v2\/media?parent=1852"}],"curies":[{"name":"wp","href":"https:\/\/api.w.org\/{rel}","templated":true}]}}