{"id":1867,"date":"2021-06-09T09:03:54","date_gmt":"2021-06-09T08:03:54","guid":{"rendered":"http:\/\/waldseilpark-tscheppaschlucht.at\/benutzungsregel\/"},"modified":"2025-04-25T18:32:01","modified_gmt":"2025-04-25T16:32:01","slug":"pravila-uporabe","status":"publish","type":"page","link":"https:\/\/waldseilpark-tscheppaschlucht.at\/sl\/pravila-uporabe\/","title":{"rendered":"Pravila"},"content":{"rendered":"<div class=\"wpb-content-wrapper\"><p>[vc_row][vc_column][vc_column_text css=&#8221;&#8221;]<\/p>\n<h2>Pravila uporabe<\/h2>\n<!-- \/wp:post-content -->\n<!-- wp:list {\"ordered\":true} -->\n<ol>\n<li>Pred uporabo Pustolovskega parka Waldseilpark Tscheppaschlucht se mora vsak udele\u017eenec seznaniti s temi pravili. S podpisom potrjuje, da je z njimi seznanjen in se z njimi strinja. Udele\u017eence do 15 let starosti mora s temi pravili seznaniti polnoletna odgovorna oseba in to s svojim podpisom potrditi (potrebna je navedba imena in priimka odgovorne osebe in udele\u017eencev ter kontaktni podatki). Udele\u017eenec s podpisom potrjuje, da sodeluje v aktivnostih Pustolovskega parka na lastno odgovornost. .<\/li>\n<li>Uporaba Pustolovskega parka Waldseilpark Tscheppaschlucht je povezana s tveganji in se izvaja na lastno odgovornost udele\u017eencev. Za odgovornost dru\u017ebe Waldseilpark Tscheppaschlucht GmbH in upravljavca glej to\u010dko 7.<\/li>\n<li>Pustolovski park Waldseilpark Tscheppaschlucht je primeren za udele\u017eence starej\u0161e od 5 let, ki nimajo psihofizi\u010dnih te\u017eav,t te\u017eav z vi\u0161ino in bi uporaba Pustolovskega parka zanje ali za druge predstavljala zdravstveno ali kakr\u0161no koli drugo nevarnost ali tveganje. Otroci pod 15. letom starosti lahko uporabljajo pustolovski park le v spremstvu odgovorne osebe.<\/li>\n<li>Drobnih predmetov, kot so npr. nakit, mobilni telefoni, kamere, ipd., pri uporabi Pustolovskega parka Waldseilpark Tscheppaschlucht ni dovoljeno imeti pri sebi, saj lahko predstavljajo nevarnost za udele\u017eenca samega in druge osebe.<\/li>\n<li>Vsak udele\u017eenec se mora udele\u017eiti pojasnil varnostnih navodil, ki so sestavljene iz teoreti\u010dnega in prakti\u010dnega dela. Vsa navodila trenerja\/in\u0161truktorja oz. organizatorja so zavezujo\u010da in se jih je obvezno potrebno dr\u017eati. Pri kr\u0161itvi se lahko od udele\u017eenca zahteva, da zapusti Pustolovski park Waldseilpark Tscheppaschlucht. Pri kr\u0161itvah varnostnih navodil in\u0161truktorja oz. organizatorja, dru\u017eba Waldseilpark Tscheppaschlucht GmbH oz. upravljalec ne prevzemata nobenih s tem povezanih od\u0161kodninskih zahtevkov.<\/li>\n<li>Varnostna oprema, ki jo prejmejo udele\u017eenci in je sestavljena iz varnostnega pasu in karabinov (vponk), se med uporabo Pustolovskega parka Waldseilpark Tscheppaschlucht ne sme odlo\u017eiti ali prenesti drugim osebam. Varnostna oprema se mora uporabljati v skladu z navodili in\u0161truktorja oz. organizatorja. Celotna varnostna oprema se mora vrniti po uporabi Pustolovskega parka Waldseilpark Tscheppaschlucht. Varnostni karabin (vponka) mora biti vedno obe\u0161ena na varnostno \u017eico. Varnostni karabin imora biti pri plezanju vedno pripet na varnostno \u017eico V primeru dvoma kako nastaviti karabin na \u017eico se mora poklicati in\u0161truktorja.<\/li>\n<li>Dru\u017eba Waldseilpark Tscheppaschlucht GmbH oz. upravljalec Pustolovskega parka Waldseilpark Tscheppaschlucht odgovarjata v okviru zakonskih dolo\u010dil za osebno \u0161kodo. Za materialno in premo\u017eenjsko \u0161kodo odgovarjata samo pod predpostavko hude malomarnosti organizatorja ali oseb, ki jim je zaupano vodenje.<\/li>\n<li>Vsako vajo lahko izvaja isto\u010dasno maksimalno ena oseba. Na platformah se lahko isto\u010dasno nahajata maksimalno dve osebi. Uporaba poligonov je dovoljena le v skladu z dolo\u010dili iz to\u010dke 3.<\/li>\n<li>Poslovodstvo si pridr\u017euje pravico, da od oseb, ki ne spo\u0161tujejo teh pravil uporabe, zahteva, da zapustijo Pustolovski park Waldseilpark Tscheppaschlucht. Poslovodstvo si pridr\u017euje pravico dejavnosti iz varnostno tehni\u010dnih razlogov (ogenj, vihar, nevihta itd.) ustaviti. V tem primeru povra\u010dilo vstopnine ni mogo\u010de. Povra\u010dilo vstopnine prav tako ni mogo\u010de, \u010de udele\u017eenec prostovoljno zapusti Pustolovski park Waldseilpark Tscheppaschlucht.<\/li>\n<li>S podpisom dovoljujem uporabo osebnih podatkov navedenih na teh pravilih za potrebe poslovanja Pustolovskega parka Waldseilpark Tscheppaschlucht.<\/li>\n<\/ol>\n<!-- \/wp:list -->\n<p>&nbsp;<\/p>\n<p>[\/vc_column_text][\/vc_column][\/vc_row]<\/p>\n<\/div>","protected":false},"excerpt":{"rendered":"<p>Pravila uporabe Pred uporabo Pustolovskega parka Waldseilpark Tscheppaschlucht se mora vsak &#8230; <\/p>\n","protected":false},"author":1,"featured_media":0,"parent":0,"menu_order":0,"comment_status":"closed","ping_status":"closed","template":"","meta":{"footnotes":""},"class_list":["post-1867","page","type-page","status-publish","hentry"],"yoast_head":"<!-- This site is optimized with the Yoast SEO plugin v27.1.1 - https:\/\/yoast.com\/product\/yoast-seo-wordpress\/ -->\n<title>Pravila - Waldseilpark Tscheppaschlucht<\/title>\n<meta name=\"robots\" content=\"index, follow, max-snippet:-1, max-image-preview:large, max-video-preview:-1\" \/>\n<link rel=\"canonical\" href=\"https:\/\/waldseilpark-tscheppaschlucht.at\/sl\/pravila-uporabe\/\" \/>\n<meta property=\"og:locale\" content=\"sl_SI\" \/>\n<meta property=\"og:type\" content=\"article\" \/>\n<meta property=\"og:title\" content=\"Pravila - Waldseilpark Tscheppaschlucht\" \/>\n<meta property=\"og:description\" content=\"Pravila uporabe Pred uporabo Pustolovskega parka Waldseilpark Tscheppaschlucht se mora vsak ...\" \/>\n<meta property=\"og:url\" content=\"https:\/\/waldseilpark-tscheppaschlucht.at\/sl\/pravila-uporabe\/\" \/>\n<meta property=\"og:site_name\" content=\"Waldseilpark Tscheppaschlucht\" \/>\n<meta property=\"article:modified_time\" content=\"2025-04-25T16:32:01+00:00\" \/>\n<meta name=\"twitter:card\" content=\"summary_large_image\" \/>\n<meta name=\"twitter:label1\" content=\"Est. reading time\" \/>\n\t<meta name=\"twitter:data1\" content=\"3 minute\" \/>\n<script type=\"application\/ld+json\" class=\"yoast-schema-graph\">{\"@context\":\"https:\/\/schema.org\",\"@graph\":[{\"@type\":\"WebPage\",\"@id\":\"https:\/\/waldseilpark-tscheppaschlucht.at\/sl\/pravila-uporabe\/\",\"url\":\"https:\/\/waldseilpark-tscheppaschlucht.at\/sl\/pravila-uporabe\/\",\"name\":\"Pravila - Waldseilpark Tscheppaschlucht\",\"isPartOf\":{\"@id\":\"https:\/\/waldseilpark-tscheppaschlucht.at\/sl\/#website\"},\"datePublished\":\"2021-06-09T08:03:54+00:00\",\"dateModified\":\"2025-04-25T16:32:01+00:00\",\"breadcrumb\":{\"@id\":\"https:\/\/waldseilpark-tscheppaschlucht.at\/sl\/pravila-uporabe\/#breadcrumb\"},\"inLanguage\":\"sl-SI\",\"potentialAction\":[{\"@type\":\"ReadAction\",\"target\":[\"https:\/\/waldseilpark-tscheppaschlucht.at\/sl\/pravila-uporabe\/\"]}]},{\"@type\":\"BreadcrumbList\",\"@id\":\"https:\/\/waldseilpark-tscheppaschlucht.at\/sl\/pravila-uporabe\/#breadcrumb\",\"itemListElement\":[{\"@type\":\"ListItem\",\"position\":1,\"name\":\"Home\",\"item\":\"https:\/\/waldseilpark-tscheppaschlucht.at\/sl\/\"},{\"@type\":\"ListItem\",\"position\":2,\"name\":\"Pravila\"}]},{\"@type\":\"WebSite\",\"@id\":\"https:\/\/waldseilpark-tscheppaschlucht.at\/sl\/#website\",\"url\":\"https:\/\/waldseilpark-tscheppaschlucht.at\/sl\/\",\"name\":\"Waldseilpark Tscheppaschlucht\",\"description\":\"K\u00e4rntens gr\u00f6\u00dfter Waldseilaprk\",\"potentialAction\":[{\"@type\":\"SearchAction\",\"target\":{\"@type\":\"EntryPoint\",\"urlTemplate\":\"https:\/\/waldseilpark-tscheppaschlucht.at\/sl\/?s={search_term_string}\"},\"query-input\":{\"@type\":\"PropertyValueSpecification\",\"valueRequired\":true,\"valueName\":\"search_term_string\"}}],\"inLanguage\":\"sl-SI\"}]}<\/script>\n<!-- \/ Yoast SEO plugin. -->","yoast_head_json":{"title":"Pravila - Waldseilpark Tscheppaschlucht","robots":{"index":"index","follow":"follow","max-snippet":"max-snippet:-1","max-image-preview":"max-image-preview:large","max-video-preview":"max-video-preview:-1"},"canonical":"https:\/\/waldseilpark-tscheppaschlucht.at\/sl\/pravila-uporabe\/","og_locale":"sl_SI","og_type":"article","og_title":"Pravila - Waldseilpark Tscheppaschlucht","og_description":"Pravila uporabe Pred uporabo Pustolovskega parka Waldseilpark Tscheppaschlucht se mora vsak ...","og_url":"https:\/\/waldseilpark-tscheppaschlucht.at\/sl\/pravila-uporabe\/","og_site_name":"Waldseilpark Tscheppaschlucht","article_modified_time":"2025-04-25T16:32:01+00:00","twitter_card":"summary_large_image","twitter_misc":{"Est. reading time":"3 minute"},"schema":{"@context":"https:\/\/schema.org","@graph":[{"@type":"WebPage","@id":"https:\/\/waldseilpark-tscheppaschlucht.at\/sl\/pravila-uporabe\/","url":"https:\/\/waldseilpark-tscheppaschlucht.at\/sl\/pravila-uporabe\/","name":"Pravila - Waldseilpark Tscheppaschlucht","isPartOf":{"@id":"https:\/\/waldseilpark-tscheppaschlucht.at\/sl\/#website"},"datePublished":"2021-06-09T08:03:54+00:00","dateModified":"2025-04-25T16:32:01+00:00","breadcrumb":{"@id":"https:\/\/waldseilpark-tscheppaschlucht.at\/sl\/pravila-uporabe\/#breadcrumb"},"inLanguage":"sl-SI","potentialAction":[{"@type":"ReadAction","target":["https:\/\/waldseilpark-tscheppaschlucht.at\/sl\/pravila-uporabe\/"]}]},{"@type":"BreadcrumbList","@id":"https:\/\/waldseilpark-tscheppaschlucht.at\/sl\/pravila-uporabe\/#breadcrumb","itemListElement":[{"@type":"ListItem","position":1,"name":"Home","item":"https:\/\/waldseilpark-tscheppaschlucht.at\/sl\/"},{"@type":"ListItem","position":2,"name":"Pravila"}]},{"@type":"WebSite","@id":"https:\/\/waldseilpark-tscheppaschlucht.at\/sl\/#website","url":"https:\/\/waldseilpark-tscheppaschlucht.at\/sl\/","name":"Waldseilpark Tscheppaschlucht","description":"K\u00e4rntens gr\u00f6\u00dfter Waldseilaprk","potentialAction":[{"@type":"SearchAction","target":{"@type":"EntryPoint","urlTemplate":"https:\/\/waldseilpark-tscheppaschlucht.at\/sl\/?s={search_term_string}"},"query-input":{"@type":"PropertyValueSpecification","valueRequired":true,"valueName":"search_term_string"}}],"inLanguage":"sl-SI"}]}},"_links":{"self":[{"href":"https:\/\/waldseilpark-tscheppaschlucht.at\/sl\/wp-json\/wp\/v2\/pages\/1867","targetHints":{"allow":["GET"]}}],"collection":[{"href":"https:\/\/waldseilpark-tscheppaschlucht.at\/sl\/wp-json\/wp\/v2\/pages"}],"about":[{"href":"https:\/\/waldseilpark-tscheppaschlucht.at\/sl\/wp-json\/wp\/v2\/types\/page"}],"author":[{"embeddable":true,"href":"https:\/\/waldseilpark-tscheppaschlucht.at\/sl\/wp-json\/wp\/v2\/users\/1"}],"replies":[{"embeddable":true,"href":"https:\/\/waldseilpark-tscheppaschlucht.at\/sl\/wp-json\/wp\/v2\/comments?post=1867"}],"version-history":[{"count":2,"href":"https:\/\/waldseilpark-tscheppaschlucht.at\/sl\/wp-json\/wp\/v2\/pages\/1867\/revisions"}],"predecessor-version":[{"id":2213,"href":"https:\/\/waldseilpark-tscheppaschlucht.at\/sl\/wp-json\/wp\/v2\/pages\/1867\/revisions\/2213"}],"wp:attachment":[{"href":"https:\/\/waldseilpark-tscheppaschlucht.at\/sl\/wp-json\/wp\/v2\/media?parent=1867"}],"curies":[{"name":"wp","href":"https:\/\/api.w.org\/{rel}","templated":true}]}}